{"id":111,"date":"2019-04-21T11:11:04","date_gmt":"2019-04-21T11:11:04","guid":{"rendered":"https:\/\/manfred.ott-leutkirch.de\/?page_id=111"},"modified":"2019-04-21T11:11:04","modified_gmt":"2019-04-21T11:11:04","slug":"norwegen-kreuzfahrt","status":"publish","type":"page","link":"https:\/\/manfred.ott-leutkirch.de\/?page_id=111","title":{"rendered":"Norwegen Kreuzfahrt"},"content":{"rendered":"\n<p>ostsee 13. &#8211; 24. 9. 2018<\/p>\n\n\n\n<p>busfahrt start kurz nach mitternacht, ab ulm alle 50 teilnehmer komplett, problemlos bei angenehmen temperaturen. hinter kassel gab es den holdenriedschen nussstollen und  wein aus der schachtel.<br>\nbei ankunft in hamburg wurde eine reisetasche im bus vergessen, die ich mitnahm und mir gsd beim sicherheitscheck abgenomen wurde, da ich nichts \u00fcber den inhalt sagen konnte. bald tauchten die besitzer auf und konnten die tasche noch rechtzeitig vor ablegen des schiffes abholen.<\/p>\n\n\n\n<p>ruhige see, sommerliche temperaturen. stadtrundgang auf eigene faust in oslo, wo die gesamte innenstadt direkt naben dem anlegekai des schiffes durch ein internationales marathonfest blockiert war. <br>\nin stockholm tenderboote und dann 60 km busfahrt zur innenstadt, die malerisch auf viele inseln verteilt w\u00fcrdevoll das zentrum des landes darstellt.<br>\nnach einer weiteren nacht auf see tallinn, eine sch\u00f6ne mittelalterliche hansestadt mit stadtmauer, t\u00fcrmen und kirchen, u.a. die alte deutsche protestantische der ehemals starken deutschen gemeinde, und dann, ein h\u00f6hepunkt der reise, im zentralen mariendom an die 100 holzgeschnitzte epi- bzw. kenotaphe deutscher adeliger familien, die mehr oder weniger zuf\u00e4llig alle wechself\u00e4lle der bewegten geschichte des kleinen landes \u00fcberstanden haben und nach der unabh\u00e4ngigkeit in den 90-jahren mit deutscher hilfe restauriert wurden.<\/p>\n\n\n\n<p>die anschliessenden zwei tage in sankt petersburg bei angenehmem sp\u00e4tsommerwetter sehr eindrucksvoll, eine gewaltige leistung, in einem sumpfgebiet eine residenz- und hauptstadt mit mehr br\u00fccken als venedig, riesigen pal\u00e4sten, verwaltungsgeb\u00e4uden, kirchen, akademien und museen aus dem boden zu stampfen.<br>\ndie stadt wurde im 2. weltkrieg 900 tage von den nazitruppen belagert, 3 millionen tote, aber, o wunder, die innenstadt wurde bis auf kleinere sch\u00e4den nicht zerst\u00f6rt, die kunstsch\u00e4tze rechtzeitig ausgelagert\u2026<br>\nheute das aush\u00e4ngeschild russlands, das zentrum bestens restauriert, frei von baus\u00fcnden, sauber, bettlerfrei.<br>\neine tag mit boot hop on hop off, den zweiten tag auf eigene faust mit bus, metro und auf schusters rappen durch die riesenstadt mit dem risiko, hoffentlich rechtzeitig die richtigen u-bahnen zu finden, um fr\u00fch genug aufs schiff zur\u00fcckzukommen.<\/p>\n\n\n\n<p>leider wurde der aufenthalt in helsinki wegen einer sturmwarnung abgesagt, d.h. ab petersburg dampfte das schiff nonstop richtung hamburg, wo es ohne sturm 10 stunden fr\u00fcher als geplant ankam.<br>\nausschiffung unver\u00e4ndert am n\u00e4chsten morgen, r\u00fcckfahrt ohne besondere vorkommnisse, ankunft in heimenkirch als letzter um 23 uhr.<br>\ndie holdenriedgruppe, die ich zu &#8222;begleiten&#8220; hatte, war abgesehen von den wenigen unvermeidlichen meist weiblichen giftspritzen pflegeleicht. ich hatte eine t\u00e4gliche sprechstunde um 17 uhr im 7. deck angeboten, die vereinzelt genutzt wurde. beim abendessen ging ich regelm\u00e4ssig von tisch zu tisch, um mich nach dem wohlbefinden zu erkundigen und kleinere meist organisatorische fragen zu kl\u00e4ren.<\/p>\n","protected":false},"excerpt":{"rendered":"<p>ostsee 13. &#8211; 24. 9. 2018 busfahrt start kurz nach mitternacht, ab ulm alle 50 teilnehmer komplett, problemlos bei angenehmen temperaturen. hinter kassel gab es den holdenriedschen nussstollen und wein aus der schachtel. bei ankunft in hamburg wurde eine reisetasche im bus vergessen, die ich mitnahm und mir gsd beim sicherheitscheck abgenomen wurde, da ich &hellip; <\/p>\n<p class=\"link-more\"><a href=\"https:\/\/manfred.ott-leutkirch.de\/?page_id=111\" class=\"more-link\"><span class=\"screen-reader-text\">\u201eNorwegen Kreuzfahrt\u201c <\/span>weiterlesen<\/a><\/p>\n","protected":false},"author":1,"featured_media":0,"parent":0,"menu_order":0,"comment_status":"closed","ping_status":"closed","template":"","meta":{"footnotes":""},"class_list":["post-111","page","type-page","status-publish","hentry"],"post_mailing_queue_ids":[],"_links":{"self":[{"href":"https:\/\/manfred.ott-leutkirch.de\/index.php?rest_route=\/wp\/v2\/pages\/111","targetHints":{"allow":["GET"]}}],"collection":[{"href":"https:\/\/manfred.ott-leutkirch.de\/index.php?rest_route=\/wp\/v2\/pages"}],"about":[{"href":"https:\/\/manfred.ott-leutkirch.de\/index.php?rest_route=\/wp\/v2\/types\/page"}],"author":[{"embeddable":true,"href":"https:\/\/manfred.ott-leutkirch.de\/index.php?rest_route=\/wp\/v2\/users\/1"}],"replies":[{"embeddable":true,"href":"https:\/\/manfred.ott-leutkirch.de\/index.php?rest_route=%2Fwp%2Fv2%2Fcomments&post=111"}],"version-history":[{"count":1,"href":"https:\/\/manfred.ott-leutkirch.de\/index.php?rest_route=\/wp\/v2\/pages\/111\/revisions"}],"predecessor-version":[{"id":112,"href":"https:\/\/manfred.ott-leutkirch.de\/index.php?rest_route=\/wp\/v2\/pages\/111\/revisions\/112"}],"wp:attachment":[{"href":"https:\/\/manfred.ott-leutkirch.de\/index.php?rest_route=%2Fwp%2Fv2%2Fmedia&parent=111"}],"curies":[{"name":"wp","href":"https:\/\/api.w.org\/{rel}","templated":true}]}}