{"id":25,"date":"2018-05-16T21:47:18","date_gmt":"2018-05-16T21:47:18","guid":{"rendered":"https:\/\/manfred.ott-leutkirch.de\/?page_id=25"},"modified":"2018-05-16T21:47:18","modified_gmt":"2018-05-16T21:47:18","slug":"kansai","status":"publish","type":"page","link":"https:\/\/manfred.ott-leutkirch.de\/?page_id=25","title":{"rendered":"Kansai"},"content":{"rendered":"<p>Die japanische Kulturlanschaft geh\u00f6rt zu den gr\u00f6\u00dften Weltmetropolen der Welt<\/p>\n","protected":false},"excerpt":{"rendered":"<p>Die japanische Kulturlanschaft geh\u00f6rt zu den gr\u00f6\u00dften Weltmetropolen der Welt<\/p>\n","protected":false},"author":1,"featured_media":0,"parent":0,"menu_order":0,"comment_status":"closed","ping_status":"closed","template":"","meta":{"footnotes":""},"class_list":["post-25","page","type-page","status-publish","hentry"],"post_mailing_queue_ids":[],"_links":{"self":[{"href":"https:\/\/manfred.ott-leutkirch.de\/index.php?rest_route=\/wp\/v2\/pages\/25","targetHints":{"allow":["GET"]}}],"collection":[{"href":"https:\/\/manfred.ott-leutkirch.de\/index.php?rest_route=\/wp\/v2\/pages"}],"about":[{"href":"https:\/\/manfred.ott-leutkirch.de\/index.php?rest_route=\/wp\/v2\/types\/page"}],"author":[{"embeddable":true,"href":"https:\/\/manfred.ott-leutkirch.de\/index.php?rest_route=\/wp\/v2\/users\/1"}],"replies":[{"embeddable":true,"href":"https:\/\/manfred.ott-leutkirch.de\/index.php?rest_route=%2Fwp%2Fv2%2Fcomments&post=25"}],"version-history":[{"count":1,"href":"https:\/\/manfred.ott-leutkirch.de\/index.php?rest_route=\/wp\/v2\/pages\/25\/revisions"}],"predecessor-version":[{"id":26,"href":"https:\/\/manfred.ott-leutkirch.de\/index.php?rest_route=\/wp\/v2\/pages\/25\/revisions\/26"}],"wp:attachment":[{"href":"https:\/\/manfred.ott-leutkirch.de\/index.php?rest_route=%2Fwp%2Fv2%2Fmedia&parent=25"}],"curies":[{"name":"wp","href":"https:\/\/api.w.org\/{rel}","templated":true}]}}