{"id":72,"date":"2019-04-21T11:19:14","date_gmt":"2019-04-21T11:19:14","guid":{"rendered":"https:\/\/manfred.ott-leutkirch.de\/?page_id=72"},"modified":"2019-04-21T11:19:14","modified_gmt":"2019-04-21T11:19:14","slug":"norwegen-31-5-9-6-2018","status":"publish","type":"page","link":"https:\/\/manfred.ott-leutkirch.de\/?page_id=72","title":{"rendered":"norwegen 31. 5. &#8211; 9. 6. 2018"},"content":{"rendered":"<p>Am 31. Mai Abholung in Heimenkirch um 1.40 Uhr morgens. In Ulm war die Holdenriedgruppe komplett, 45 Personen aus Oberschwaben und dem Allg\u00e4u Richtung Hamburg zum Schiff MSC Meraviglia, ich als Reiseleiter, der unterwegs f\u00fcr gute Laune sorgen soll. Von G\u00fcnther Holdenried war Stollen an Bord, ausserdem Rot- und Weisswein. Da es ja mein Geburtstag war, schenkte ich eine Flasche Williams aus, die knapp reichte&#8230;<\/p>\n<p>Hinter Kassel wurde der Verkehr m\u00fchsam, mehr Baustellen und LKW, da hier Fronleichnam kein Feiertag ist. 200&nbsp; km vor Hamburg dann nur noch Stau. Statt 14 Uhr kam der Bus um 18.30 an. Bis die Leute in den Kabinen waren, bei 30 Grad und ohne Koffer, war nat\u00fcrlich ein logistisches Problem erster Ordnung&nbsp; Stichwort Abendessen&#8230;<\/p>\n<p>Aber alle waren froh, an Bord zu sein. Leinen los um 22 Uhr.<\/p>\n","protected":false},"excerpt":{"rendered":"<p>Am 31. Mai Abholung in Heimenkirch um 1.40 Uhr morgens. In Ulm war die Holdenriedgruppe komplett, 45 Personen aus Oberschwaben und dem Allg\u00e4u Richtung Hamburg zum Schiff MSC Meraviglia, ich als Reiseleiter, der unterwegs f\u00fcr gute Laune sorgen soll. Von G\u00fcnther Holdenried war Stollen an Bord, ausserdem Rot- und Weisswein. Da es ja mein Geburtstag &hellip; <\/p>\n<p class=\"link-more\"><a href=\"https:\/\/manfred.ott-leutkirch.de\/?page_id=72\" class=\"more-link\"><span class=\"screen-reader-text\">\u201enorwegen 31. 5. &#8211; 9. 6. 2018\u201c <\/span>weiterlesen<\/a><\/p>\n","protected":false},"author":1,"featured_media":0,"parent":0,"menu_order":0,"comment_status":"closed","ping_status":"closed","template":"","meta":{"footnotes":""},"class_list":["post-72","page","type-page","status-publish","hentry"],"post_mailing_queue_ids":[],"_links":{"self":[{"href":"https:\/\/manfred.ott-leutkirch.de\/index.php?rest_route=\/wp\/v2\/pages\/72","targetHints":{"allow":["GET"]}}],"collection":[{"href":"https:\/\/manfred.ott-leutkirch.de\/index.php?rest_route=\/wp\/v2\/pages"}],"about":[{"href":"https:\/\/manfred.ott-leutkirch.de\/index.php?rest_route=\/wp\/v2\/types\/page"}],"author":[{"embeddable":true,"href":"https:\/\/manfred.ott-leutkirch.de\/index.php?rest_route=\/wp\/v2\/users\/1"}],"replies":[{"embeddable":true,"href":"https:\/\/manfred.ott-leutkirch.de\/index.php?rest_route=%2Fwp%2Fv2%2Fcomments&post=72"}],"version-history":[{"count":2,"href":"https:\/\/manfred.ott-leutkirch.de\/index.php?rest_route=\/wp\/v2\/pages\/72\/revisions"}],"predecessor-version":[{"id":114,"href":"https:\/\/manfred.ott-leutkirch.de\/index.php?rest_route=\/wp\/v2\/pages\/72\/revisions\/114"}],"wp:attachment":[{"href":"https:\/\/manfred.ott-leutkirch.de\/index.php?rest_route=%2Fwp%2Fv2%2Fmedia&parent=72"}],"curies":[{"name":"wp","href":"https:\/\/api.w.org\/{rel}","templated":true}]}}