{"id":73,"date":"2018-06-24T11:40:26","date_gmt":"2018-06-24T11:40:26","guid":{"rendered":"https:\/\/manfred.ott-leutkirch.de\/?page_id=73"},"modified":"2018-06-24T11:40:26","modified_gmt":"2018-06-24T11:40:26","slug":"norwegen","status":"publish","type":"page","link":"https:\/\/manfred.ott-leutkirch.de\/?page_id=73","title":{"rendered":"Norwegen"},"content":{"rendered":"<h4>Reisebericht Norwegen 31.5.-10.6.2018<\/h4>\n<p>Abfahrt in Heimenkirch als einziger Passagier morgens um 1.30 Uhr meines 79. Geburtstages. Zusammenf\u00fchrung mehrerer Busse aus Oberschwaben und dem Allg\u00e4u in Ulm, alle 44 Sch\u00e4flein der Holdenriedgruppe versammelt. Fahrer: Herr Kaspar, kurze Begr\u00fc\u00dfung, meine Flasche Geburtstags Williams kam gut an, die Trinkfestigkeit der Herrschaften ist garantiert, auch fr\u00fch morgens.<\/p>\n<p>bis Kassel l\u00e4uft alles glatt, da im S\u00fcden der Republik Fronleichnam = Feiertag = lkw-fahrverbot, im Norden kein Feiertag, also lkw-terror + Baustellen.<\/p>\n<p>Ankunft in Hamburg bei 31 Grad um 18.30 statt um 14 Uhr. Gro\u00dfe Besorgnis der meist betagten Herrschaften, das Schiff k\u00f6nnte schon losgefahren sein.<\/p>\n<p>einchecken m\u00fchsam, nassgeschwitzt, Abendessen eingeteilt f\u00fcr 18 Uhr, Koffer nat\u00fcrlich noch nicht in der Kabine, Improvisation ist gefragt, was den deutschen im allgemeinen nicht liegt.<\/p>\n<p>ablegen wie geplant um 20 Uhr. majest\u00e4tisch, wie das riesenschiff ruhig die Elbe Richtung offenes Meer gleitet.<\/p>\n<p>am n\u00e4chsten Tag ohne halt auf See, ruhiges Meer, erstes treffen mit einigen aus der gruppe, die \u00c4ngste und Bef\u00fcrchtungen haben sich gelegt.<\/p>\n<p>erste Erfahrungen an Bord, 5000 Personen auf engstem Raum, Kabinen ok, Verpflegung gut, personal freundlich, wenn auch nur sporadisch deutschsprachig, was f\u00fcr viele deutsche, die ja alle so gerne denglisch daherkommen, ein Problem darstellt.<\/p>\n<p>viele Italiener (der Konzern msc ist eine italienische Firma!) und Franzosen an Bord, auch Spanier und Portugiesen.<\/p>\n<p>das Leben an Bord abwechslungsreich f\u00fcr Leute, die Paket Buchungen vorgenommen haben, z.b. f\u00fcr Getr\u00e4nke, Restaurants, Gymnastik, Wellness, Veranstaltungen, Internet, Ausfl\u00fcge u.a.m. &#8211; wer keine Pakete gebucht hat, bezahlt f\u00fcr jedes extra empfindliche Betr\u00e4ge: ein Getr\u00e4nke Paket kostet z.b. \u20ac 26 pro Kopf und Tag, also f\u00fcr ein paar und 10 tage \u20ac 720, da muss t\u00fcchtig konsumiert werden, um die kosten hereinzuholen&#8230;<\/p>\n<p>allgemein beobachtet: \u00fcberwiegend paare zwischen 65 und 90 Jahren, viele behindert, meistens \u00fcbergewichtig bei bestem Appetit, vergn\u00fcgungss\u00fcchtig nach dem Motto: wer weiss, ob ich den morgigen Tag noch erlebe, mit der logischen folge, dass es niemand wundern muss, wenn die Kamine der Krematorien explodieren&#8230;<\/p>\n<p>am obersten deck auf der 16. Etage gibt es im freien einen markierten Rundlauf vom 333 Meter und zwei Whirlpool (kostenfrei!), ansonsten ist alles auf kommerzielle Nutzung konzentriert, jede Art von Kauf M\u00f6glichkeiten, Uhren, Konfektion, Kitsch&#8230;die Leute haben Zeit, wollen sich was g\u00f6nnen, sind ausgabenfreudig, weg vom Alltag, m\u00f6glichst dreimal am Tag am festlich gedeckten Tisch von freundlichstem personal umschwirrt mit immer nachgeschenkten gl\u00e4sern dinieren. Motto: das haben wir uns doch redlich verdient&#8230;<\/p>\n<p>Landschaft erwartungsgem\u00e4\u00df sch\u00f6n, endlose buchten und Berg Formationen, ruhige See, trotzdem einzelne hysterische Damen, die seekrank werden&#8230;und allgemein gro\u00dfe Entt\u00e4uschung, dass das monsterschiff nicht in die Fjorde reinf\u00e4hrt.<\/p>\n<p>erster Stopp in Molde, ein nettes St\u00e4dtchen, das die landg\u00e4nger mit Blaskonzert und norwegischer Folklore empf\u00e4ngt.<\/p>\n<p>nach 10 Stunden dampft der Koloss unaufhaltsam weiter nach Norden, die Temperaturen sinken, von \u00fcber 30 Grad in Hamburg bis 5 Grad und starken Winden Richtung Nordkap. Stopps in H\u00f6nningsvag, Tromso und schlie\u00dflich zum n\u00f6rdlichsten Punkt Europas, dem Nordkap.<\/p>\n<p>der Land Ausflug: ein schlechter Witz, \u20ac 95 f\u00fcr eine 45-min\u00fctige Busfahrt ohne Erl\u00e4uterungen, ein Spaziergang mit einem ausgestopften und einem lebendigen angepflockten rentier und der statistischen Markierung der angeblich n\u00f6rdlichsten Stelle des Kontinentes durch irgendeinen Architekten Schnickschnack und zur\u00fcck mit dem Bus.<\/p>\n<p>zur\u00fcck in s\u00fcdlichere Gefilde, Riesentfernungen auf friedlicher See, immer wieder sch\u00f6ne ausblicke, manchmal mit Sonne und gutem licht, nette kleine St\u00e4dtchen, bemerkenswert Trondheim mit einer gotischen Kathedrale, die man in Norwegen nicht erwartet und<\/p>\n<p>Alesund, das nach einem verheerenden Brand vor ca. 120 Jahren mit deutschem Spendengeld, initiiert durch Kaiser Wilhelm II., in sch\u00f6nstem Jugendstil wieder aufgebaut wurde, ein auch mal positiver Akzent, ansonsten die deutschen im zweiten Weltkrieg fast alle norwegischen St\u00e4dte an der Atlantik K\u00fcste zerst\u00f6rt haben&#8230;<\/p>\n<p>zur\u00fcck in Hamburg am 10. 6., Sonntagmorgen, fr\u00fches Fr\u00fchst\u00fcck, Ausschiffung ab 8 Uhr, das \u00fcbliche Chacos, bis 5000 Leute ihre Koffer in der gro\u00dfen Empfangshalle herausfischen und schlie\u00dflich zum Flugplatz, Bahnhof, zu ihren PKWs oder Bussen gefunden haben.<\/p>\n<p>die R\u00fcckfahrt im Bistro Bus der fa. kommit, im Vergleich zur hinfahrt problemlos, da echter, in ganz Deutschland g\u00fcltiger, lkw-freier Sonntag.<\/p>\n<p>Ankunft in Heimenkirch als letzter Passagier um genau Mitternacht, wo meine Hausleute mein Auto abgestellt hatten, so dass ich ohne Probleme nach Hause fahren konnte.<\/p>\n","protected":false},"excerpt":{"rendered":"<p>Reisebericht Norwegen 31.5.-10.6.2018 Abfahrt in Heimenkirch als einziger Passagier morgens um 1.30 Uhr meines 79. Geburtstages. Zusammenf\u00fchrung mehrerer Busse aus Oberschwaben und dem Allg\u00e4u in Ulm, alle 44 Sch\u00e4flein der Holdenriedgruppe versammelt. Fahrer: Herr Kaspar, kurze Begr\u00fc\u00dfung, meine Flasche Geburtstags Williams kam gut an, die Trinkfestigkeit der Herrschaften ist garantiert, auch fr\u00fch morgens. bis Kassel &hellip; <\/p>\n<p class=\"link-more\"><a href=\"https:\/\/manfred.ott-leutkirch.de\/?page_id=73\" class=\"more-link\"><span class=\"screen-reader-text\">\u201eNorwegen\u201c <\/span>weiterlesen<\/a><\/p>\n","protected":false},"author":1,"featured_media":0,"parent":0,"menu_order":0,"comment_status":"closed","ping_status":"closed","template":"","meta":{"footnotes":""},"class_list":["post-73","page","type-page","status-publish","hentry"],"post_mailing_queue_ids":[],"_links":{"self":[{"href":"https:\/\/manfred.ott-leutkirch.de\/index.php?rest_route=\/wp\/v2\/pages\/73","targetHints":{"allow":["GET"]}}],"collection":[{"href":"https:\/\/manfred.ott-leutkirch.de\/index.php?rest_route=\/wp\/v2\/pages"}],"about":[{"href":"https:\/\/manfred.ott-leutkirch.de\/index.php?rest_route=\/wp\/v2\/types\/page"}],"author":[{"embeddable":true,"href":"https:\/\/manfred.ott-leutkirch.de\/index.php?rest_route=\/wp\/v2\/users\/1"}],"replies":[{"embeddable":true,"href":"https:\/\/manfred.ott-leutkirch.de\/index.php?rest_route=%2Fwp%2Fv2%2Fcomments&post=73"}],"version-history":[{"count":1,"href":"https:\/\/manfred.ott-leutkirch.de\/index.php?rest_route=\/wp\/v2\/pages\/73\/revisions"}],"predecessor-version":[{"id":77,"href":"https:\/\/manfred.ott-leutkirch.de\/index.php?rest_route=\/wp\/v2\/pages\/73\/revisions\/77"}],"wp:attachment":[{"href":"https:\/\/manfred.ott-leutkirch.de\/index.php?rest_route=%2Fwp%2Fv2%2Fmedia&parent=73"}],"curies":[{"name":"wp","href":"https:\/\/api.w.org\/{rel}","templated":true}]}}